{"id":3683,"date":"2018-07-26T20:14:26","date_gmt":"2018-07-26T18:14:26","guid":{"rendered":"https:\/\/www.taekwondofeyzin.com\/?page_id=3683"},"modified":"2025-09-04T21:21:11","modified_gmt":"2025-09-04T19:21:11","slug":"les-entrainements","status":"publish","type":"page","link":"https:\/\/www.taekwondofeyzin.com\/index.php\/les-entrainements\/","title":{"rendered":"Les entra\u00eenements"},"content":{"rendered":"<p>[vc_row][vc_column][vc_column_text]<\/p>\n<h2 style=\"text-align: center;\">Nos entra\u00eenements<\/h2>\n<p>[\/vc_column_text][\/vc_column][\/vc_row][vc_row][vc_column][vc_single_image image=\u00a0\u00bb4802&Prime; img_size=\u00a0\u00bblarge\u00a0\u00bb alignment=\u00a0\u00bbcenter\u00a0\u00bb][\/vc_column][\/vc_row][vc_row][vc_column][vc_column_text]<\/p>\n<h2 style=\"text-align: center;\">DOCUMENTS<\/h2>\n<p>[\/vc_column_text][vc_row_inner][vc_column_inner width=\u00a0\u00bb1\/2&Prime;][vc_btn title=\u00a0\u00bbFiche d&rsquo;information\u00a0\u00bb color=\u00a0\u00bbprimary\u00a0\u00bb i_icon_fontawesome=\u00a0\u00bbfa fa-download\u00a0\u00bb add_icon=\u00a0\u00bbtrue\u00a0\u00bb link=\u00a0\u00bburl:https%3A%2F%2Fwww.taekwondofeyzin.com%2Fwp-content%2Fuploads%2F2025%2F09%2Ffiche-information-2025-2026.pdf||target:%20_blank|\u00a0\u00bb][\/vc_column_inner][vc_column_inner width=\u00a0\u00bb1\/2&Prime;][vc_btn title=\u00a0\u00bbFiche d&rsquo;inscription\u00a0\u00bb color=\u00a0\u00bbprimary\u00a0\u00bb i_icon_fontawesome=\u00a0\u00bbfa fa-download\u00a0\u00bb add_icon=\u00a0\u00bbtrue\u00a0\u00bb link=\u00a0\u00bburl:https%3A%2F%2Feu1.documents.adobe.com%2Fpublic%2FesignWidget%3Fwid%3DCBFCIBAA3AAABLblqZhA7v8X0pPA3OtT7A33BjdhNGKyNJiQ7ORmztIObRTeMM9fqPyVWrofWKMYbFta7PHM*||target:%20_blank|\u00a0\u00bb][\/vc_column_inner][\/vc_row_inner][vc_column_text]R\u00e8glement en plusieurs fois, ch\u00e8ques vacances et passe r\u00e9gion accept\u00e9s.<\/p>\n<p><img loading=\"lazy\" decoding=\"async\" class=\"irc_mi alignleft\" src=\"http:\/\/www.balade-beaujolais-gyropode.fr\/wp-content\/uploads\/2017\/12\/LOGO_CHEQUE_VACANCES_BALADE_BEAUJOLAIS_GYROPODE_VACANCES_ANCV_JPEG.jpg\" alt=\"R\u00e9sultat de recherche d'images pour &quot;cheque vacances&quot;\" width=\"148\" height=\"109\" \/><img loading=\"lazy\" decoding=\"async\" class=\"alignnone wp-image-4807\" src=\"https:\/\/www.taekwondofeyzin.com\/wp-content\/uploads\/2025\/09\/PASSJEUNES-CARTE-1440.jpg\" alt=\"\" width=\"167\" height=\"118\" srcset=\"https:\/\/www.taekwondofeyzin.com\/wp-content\/uploads\/2025\/09\/PASSJEUNES-CARTE-1440.jpg 707w, https:\/\/www.taekwondofeyzin.com\/wp-content\/uploads\/2025\/09\/PASSJEUNES-CARTE-1440-300x212.jpg 300w\" sizes=\"(max-width: 167px) 100vw, 167px\" \/>[\/vc_column_text][\/vc_column][\/vc_row]<\/p>\n","protected":false},"excerpt":{"rendered":"<p>[vc_row][vc_column][vc_column_text] Nos entra\u00eenements [\/vc_column_text][\/vc_column][\/vc_row][vc_row][vc_column][vc_single_image image=\u00a0\u00bb4802&Prime; img_size=\u00a0\u00bblarge\u00a0\u00bb alignment=\u00a0\u00bbcenter\u00a0\u00bb][\/vc_column][\/vc_row][vc_row][vc_column][vc_column_text] DOCUMENTS [\/vc_column_text][vc_row_inner][vc_column_inner width=\u00a0\u00bb1\/2&Prime;][vc_btn title=\u00a0\u00bbFiche d&rsquo;information\u00a0\u00bb color=\u00a0\u00bbprimary\u00a0\u00bb i_icon_fontawesome=\u00a0\u00bbfa fa-download\u00a0\u00bb add_icon=\u00a0\u00bbtrue\u00a0\u00bb link=\u00a0\u00bburl:https%3A%2F%2Fwww.taekwondofeyzin.com%2Fwp-content%2Fuploads%2F2025%2F09%2Ffiche-information-2025-2026.pdf||target:%20_blank|\u00a0\u00bb][\/vc_column_inner][vc_column_inner width=\u00a0\u00bb1\/2&Prime;][vc_btn title=\u00a0\u00bbFiche d&rsquo;inscription\u00a0\u00bb color=\u00a0\u00bbprimary\u00a0\u00bb i_icon_fontawesome=\u00a0\u00bbfa fa-download\u00a0\u00bb add_icon=\u00a0\u00bbtrue\u00a0\u00bb link=\u00a0\u00bburl:https%3A%2F%2Feu1.documents.adobe.com%2Fpublic%2FesignWidget%3Fwid%3DCBFCIBAA3AAABLblqZhA7v8X0pPA3OtT7A33BjdhNGKyNJiQ7ORmztIObRTeMM9fqPyVWrofWKMYbFta7PHM*||target:%20_blank|\u00a0\u00bb][\/vc_column_inner][\/vc_row_inner][vc_column_text]R\u00e8glement en plusieurs fois, ch\u00e8ques vacances et passe r\u00e9gion accept\u00e9s. [\/vc_column_text][\/vc_column][\/vc_row]<\/p>\n","protected":false},"author":1,"featured_media":0,"parent":0,"menu_order":0,"comment_status":"closed","ping_status":"closed","template":"","meta":{"footnotes":""},"_links":{"self":[{"href":"https:\/\/www.taekwondofeyzin.com\/index.php\/wp-json\/wp\/v2\/pages\/3683"}],"collection":[{"href":"https:\/\/www.taekwondofeyzin.com\/index.php\/wp-json\/wp\/v2\/pages"}],"about":[{"href":"https:\/\/www.taekwondofeyzin.com\/index.php\/wp-json\/wp\/v2\/types\/page"}],"author":[{"embeddable":true,"href":"https:\/\/www.taekwondofeyzin.com\/index.php\/wp-json\/wp\/v2\/users\/1"}],"replies":[{"embeddable":true,"href":"https:\/\/www.taekwondofeyzin.com\/index.php\/wp-json\/wp\/v2\/comments?post=3683"}],"version-history":[{"count":56,"href":"https:\/\/www.taekwondofeyzin.com\/index.php\/wp-json\/wp\/v2\/pages\/3683\/revisions"}],"predecessor-version":[{"id":4809,"href":"https:\/\/www.taekwondofeyzin.com\/index.php\/wp-json\/wp\/v2\/pages\/3683\/revisions\/4809"}],"wp:attachment":[{"href":"https:\/\/www.taekwondofeyzin.com\/index.php\/wp-json\/wp\/v2\/media?parent=3683"}],"curies":[{"name":"wp","href":"https:\/\/api.w.org\/{rel}","templated":true}]}}