{"id":3954,"date":"2018-08-27T20:19:24","date_gmt":"2018-08-27T18:19:24","guid":{"rendered":"https:\/\/www.taekwondofeyzin.com\/?page_id=3954"},"modified":"2018-08-27T22:05:53","modified_gmt":"2018-08-27T20:05:53","slug":"arbitrage","status":"publish","type":"page","link":"https:\/\/www.taekwondofeyzin.com\/index.php\/arbitrage\/","title":{"rendered":"Arbitrage"},"content":{"rendered":"<p>[vc_row][vc_column][vc_single_image image=\u00a0\u00bb3780&Prime; img_size=\u00a0\u00bblarge\u00a0\u00bb alignment=\u00a0\u00bbcenter\u00a0\u00bb][vc_column_text]<\/p>\n<h2 style=\"text-align: center;\"><strong>Les documents indispensables de l&rsquo;arbitrage<\/strong><\/h2>\n<p>[\/vc_column_text][\/vc_column][\/vc_row][vc_row][vc_column][vc_column_text]<\/p>\n<h3 style=\"text-align: center;\">Combat<\/h3>\n<p>[\/vc_column_text][vc_btn title=\u00a0\u00bbR\u00e8gles d&rsquo;arbitrage combat\u00a0\u00bb color=\u00a0\u00bbprimary\u00a0\u00bb i_icon_fontawesome=\u00a0\u00bbfa fa-download\u00a0\u00bb add_icon=\u00a0\u00bbtrue\u00a0\u00bb link=\u00a0\u00bburl:https%3A%2F%2Fwww.taekwondofeyzin.com%2Fwp-content%2Fuploads%2F2018%2F08%2FREG_ARB_17OFF_V1.pdf|||\u00a0\u00bb][vc_btn title=\u00a0\u00bbLes fondamentaux de l&rsquo;arbitrage\u00a0\u00bb color=\u00a0\u00bbprimary\u00a0\u00bb i_icon_fontawesome=\u00a0\u00bbfa fa-download\u00a0\u00bb add_icon=\u00a0\u00bbtrue\u00a0\u00bb link=\u00a0\u00bburl:https%3A%2F%2Fwww.taekwondofeyzin.com%2Fwp-content%2Fuploads%2F2018%2F08%2FFONDAMENTAUX_10.pdf|||\u00a0\u00bb][vc_btn title=\u00a0\u00bbLes gestes de l&rsquo;arbitre\u00a0\u00bb color=\u00a0\u00bbprimary\u00a0\u00bb i_icon_fontawesome=\u00a0\u00bbfa fa-download\u00a0\u00bb add_icon=\u00a0\u00bbtrue\u00a0\u00bb link=\u00a0\u00bburl:https%3A%2F%2Fwww.taekwondofeyzin.com%2Fwp-content%2Fuploads%2F2018%2F08%2FReferee-hand-signals.indd-2017-1.pdf|||\u00a0\u00bb][vc_btn title=\u00a0\u00bbLa fili\u00e8re d&rsquo;arbitrage combat\u00a0\u00bb color=\u00a0\u00bbprimary\u00a0\u00bb i_icon_fontawesome=\u00a0\u00bbfa fa-download\u00a0\u00bb add_icon=\u00a0\u00bbtrue\u00a0\u00bb link=\u00a0\u00bburl:https%3A%2F%2Fwww.taekwondofeyzin.com%2Fwp-content%2Fuploads%2F2018%2F08%2FFILIERE_ARBITRES_17.pdf|||\u00a0\u00bb][vc_btn title=\u00a0\u00bbR\u00f4le du Responsable d&rsquo;Arbitrage R\u00e9gional\u00a0\u00bb color=\u00a0\u00bbprimary\u00a0\u00bb i_icon_fontawesome=\u00a0\u00bbfa fa-download\u00a0\u00bb add_icon=\u00a0\u00bbtrue\u00a0\u00bb link=\u00a0\u00bburl:https%3A%2F%2Fwww.taekwondofeyzin.com%2Fwp-content%2Fuploads%2F2018%2F08%2FROLE_RAR_10.pdf|||\u00a0\u00bb][\/vc_column][\/vc_row][vc_row][vc_column][vc_column_text]<\/p>\n<h3 style=\"text-align: center;\">Poums\u00e9<\/h3>\n<p>[\/vc_column_text][vc_btn title=\u00a0\u00bbR\u00e8gles d&rsquo;arbitrage poums\u00e9\u00a0\u00bb color=\u00a0\u00bbprimary\u00a0\u00bb i_icon_fontawesome=\u00a0\u00bbfa fa-download\u00a0\u00bb add_icon=\u00a0\u00bbtrue\u00a0\u00bb link=\u00a0\u00bburl:https%3A%2F%2Fwww.taekwondofeyzin.com%2Fwp-content%2Fuploads%2F2018%2F08%2FDS_-REG_ARB_POUM_15.pdf|||\u00a0\u00bb][vc_btn title=\u00a0\u00bbAnnexe au r\u00e8glement des comp\u00e9titions poums\u00e9\u00a0\u00bb color=\u00a0\u00bbprimary\u00a0\u00bb i_icon_fontawesome=\u00a0\u00bbfa fa-download\u00a0\u00bb add_icon=\u00a0\u00bbtrue\u00a0\u00bb link=\u00a0\u00bburl:https%3A%2F%2Fwww.taekwondofeyzin.com%2Fwp-content%2Fuploads%2F2018%2F08%2FPLAN_AIRE_POUMSE_13.pdf|||\u00a0\u00bb][vc_btn title=\u00a0\u00bbLa fili\u00e8re des juges poums\u00e9\u00a0\u00bb color=\u00a0\u00bbprimary\u00a0\u00bb i_icon_fontawesome=\u00a0\u00bbfa fa-download\u00a0\u00bb add_icon=\u00a0\u00bbtrue\u00a0\u00bb link=\u00a0\u00bburl:https%3A%2F%2Fwww.taekwondofeyzin.com%2Fwp-content%2Fuploads%2F2018%2F08%2FFIL_JUGE_POUM_OFF_17.pdf|||\u00a0\u00bb][\/vc_column][\/vc_row]<\/p>\n","protected":false},"excerpt":{"rendered":"<p>[vc_row][vc_column][vc_single_image image=\u00a0\u00bb3780&Prime; img_size=\u00a0\u00bblarge\u00a0\u00bb alignment=\u00a0\u00bbcenter\u00a0\u00bb][vc_column_text] Les documents indispensables de l&rsquo;arbitrage [\/vc_column_text][\/vc_column][\/vc_row][vc_row][vc_column][vc_column_text] Combat [\/vc_column_text][vc_btn title=\u00a0\u00bbR\u00e8gles d&rsquo;arbitrage combat\u00a0\u00bb color=\u00a0\u00bbprimary\u00a0\u00bb i_icon_fontawesome=\u00a0\u00bbfa fa-download\u00a0\u00bb add_icon=\u00a0\u00bbtrue\u00a0\u00bb link=\u00a0\u00bburl:https%3A%2F%2Fwww.taekwondofeyzin.com%2Fwp-content%2Fuploads%2F2018%2F08%2FREG_ARB_17OFF_V1.pdf|||\u00a0\u00bb][vc_btn title=\u00a0\u00bbLes fondamentaux de l&rsquo;arbitrage\u00a0\u00bb color=\u00a0\u00bbprimary\u00a0\u00bb i_icon_fontawesome=\u00a0\u00bbfa fa-download\u00a0\u00bb add_icon=\u00a0\u00bbtrue\u00a0\u00bb link=\u00a0\u00bburl:https%3A%2F%2Fwww.taekwondofeyzin.com%2Fwp-content%2Fuploads%2F2018%2F08%2FFONDAMENTAUX_10.pdf|||\u00a0\u00bb][vc_btn title=\u00a0\u00bbLes gestes de l&rsquo;arbitre\u00a0\u00bb color=\u00a0\u00bbprimary\u00a0\u00bb i_icon_fontawesome=\u00a0\u00bbfa fa-download\u00a0\u00bb add_icon=\u00a0\u00bbtrue\u00a0\u00bb link=\u00a0\u00bburl:https%3A%2F%2Fwww.taekwondofeyzin.com%2Fwp-content%2Fuploads%2F2018%2F08%2FReferee-hand-signals.indd-2017-1.pdf|||\u00a0\u00bb][vc_btn title=\u00a0\u00bbLa fili\u00e8re d&rsquo;arbitrage combat\u00a0\u00bb color=\u00a0\u00bbprimary\u00a0\u00bb i_icon_fontawesome=\u00a0\u00bbfa fa-download\u00a0\u00bb add_icon=\u00a0\u00bbtrue\u00a0\u00bb link=\u00a0\u00bburl:https%3A%2F%2Fwww.taekwondofeyzin.com%2Fwp-content%2Fuploads%2F2018%2F08%2FFILIERE_ARBITRES_17.pdf|||\u00a0\u00bb][vc_btn title=\u00a0\u00bbR\u00f4le du Responsable d&rsquo;Arbitrage R\u00e9gional\u00a0\u00bb color=\u00a0\u00bbprimary\u00a0\u00bb i_icon_fontawesome=\u00a0\u00bbfa fa-download\u00a0\u00bb [&hellip;]<\/p>\n","protected":false},"author":2,"featured_media":0,"parent":0,"menu_order":0,"comment_status":"closed","ping_status":"closed","template":"","meta":{"footnotes":""},"_links":{"self":[{"href":"https:\/\/www.taekwondofeyzin.com\/index.php\/wp-json\/wp\/v2\/pages\/3954"}],"collection":[{"href":"https:\/\/www.taekwondofeyzin.com\/index.php\/wp-json\/wp\/v2\/pages"}],"about":[{"href":"https:\/\/www.taekwondofeyzin.com\/index.php\/wp-json\/wp\/v2\/types\/page"}],"author":[{"embeddable":true,"href":"https:\/\/www.taekwondofeyzin.com\/index.php\/wp-json\/wp\/v2\/users\/2"}],"replies":[{"embeddable":true,"href":"https:\/\/www.taekwondofeyzin.com\/index.php\/wp-json\/wp\/v2\/comments?post=3954"}],"version-history":[{"count":15,"href":"https:\/\/www.taekwondofeyzin.com\/index.php\/wp-json\/wp\/v2\/pages\/3954\/revisions"}],"predecessor-version":[{"id":4012,"href":"https:\/\/www.taekwondofeyzin.com\/index.php\/wp-json\/wp\/v2\/pages\/3954\/revisions\/4012"}],"wp:attachment":[{"href":"https:\/\/www.taekwondofeyzin.com\/index.php\/wp-json\/wp\/v2\/media?parent=3954"}],"curies":[{"name":"wp","href":"https:\/\/api.w.org\/{rel}","templated":true}]}}